{"id":1700,"date":"2024-05-02T11:39:38","date_gmt":"2024-05-02T09:39:38","guid":{"rendered":"https:\/\/d-nest.be\/?page_id=1700"},"modified":"2024-05-21T13:05:44","modified_gmt":"2024-05-21T11:05:44","slug":"vie-privee","status":"publish","type":"page","link":"https:\/\/d-nest.be\/index.php\/vie-privee\/","title":{"rendered":"Vie priv\u00e9e"},"content":{"rendered":"\t\t<div data-elementor-type=\"wp-page\" data-elementor-id=\"1700\" class=\"elementor elementor-1700\" data-elementor-post-type=\"page\">\n\t\t\t\t<div class=\"elementor-element elementor-element-d1d4b7d e-flex e-con-boxed e-con e-parent\" data-id=\"d1d4b7d\" data-element_type=\"container\" data-e-type=\"container\">\n\t\t\t\t\t<div class=\"e-con-inner\">\n\t\t<div class=\"elementor-element elementor-element-9cd1a14 e-con-full e-flex e-con e-child\" data-id=\"9cd1a14\" data-element_type=\"container\" data-e-type=\"container\">\n\t\t\t\t<div class=\"elementor-element elementor-element-a367196 elementor-widget elementor-widget-heading\" data-id=\"a367196\" data-element_type=\"widget\" data-e-type=\"widget\" data-widget_type=\"heading.default\">\n\t\t\t\t<div class=\"elementor-widget-container\">\n\t\t\t\t\t<h3 class=\"elementor-heading-title elementor-size-default\">Vie priv\u00e9e et protection des donn\u00e9es<\/h3>\t\t\t\t<\/div>\n\t\t\t\t<\/div>\n\t\t\t\t<div class=\"elementor-element elementor-element-9145dd5 elementor-widget elementor-widget-text-editor\" data-id=\"9145dd5\" data-element_type=\"widget\" data-e-type=\"widget\" data-widget_type=\"text-editor.default\">\n\t\t\t\t<div class=\"elementor-widget-container\">\n\t\t\t\t\t\t\t\t\t<p>Chez D-nest, nous accordons une grande importance \u00e0 la confidentialit\u00e9 et \u00e0 la s\u00e9curit\u00e9 des donn\u00e9es de nos utilisateurs. Nous respectons pleinement les dispositions du R\u00e8glement G\u00e9n\u00e9ral sur la Protection des Donn\u00e9es (RGPD) de l&#8217;Union europ\u00e9enne et nous nous engageons \u00e0 prot\u00e9ger les informations personnelles que vous nous confiez.<\/p><p>Pour en savoir plus sur la mani\u00e8re dont nous g\u00e9rons vos donn\u00e9es personnelles, veuillez t\u00e9l\u00e9charger notre Charte sur la protection des donn\u00e9es en cliquant sur le lien ci-dessous :<\/p><p><a href=\"https:\/\/d-nest.be\/wp-content\/uploads\/2024\/05\/Declaration-de-protection-des-donnees.pdf\" target=\"_blank\" rel=\"noopener noreferrer\">Charte sur la protection des donn\u00e9es &#8211; T\u00e9l\u00e9charger maintenant<\/a><\/p><p>Nous vous remercions de votre confiance envers D-nest. Si vous avez des questions ou des pr\u00e9occupations concernant notre politique de confidentialit\u00e9 ou notre traitement des donn\u00e9es, n&#8217;h\u00e9sitez pas \u00e0 nous contacter \u00e0 <a href=\"mailto:David@d-nest.be\">David@d-nest.be<\/a>.<\/p>\t\t\t\t\t\t\t\t<\/div>\n\t\t\t\t<\/div>\n\t\t\t\t<\/div>\n\t\t<div class=\"elementor-element elementor-element-299d54c e-con-full e-flex e-con e-child\" data-id=\"299d54c\" data-element_type=\"container\" data-e-type=\"container\">\n\t\t\t\t<\/div>\n\t\t\t\t\t<\/div>\n\t\t\t\t<\/div>\n\t\t\t\t<\/div>\n\t\t","protected":false},"excerpt":{"rendered":"<p>Vie priv\u00e9e et protection des donn\u00e9es Chez D-nest, nous accordons une grande importance \u00e0 la confidentialit\u00e9 et \u00e0 la s\u00e9curit\u00e9 des donn\u00e9es de nos utilisateurs. Nous respectons pleinement les dispositions du R\u00e8glement G\u00e9n\u00e9ral sur la Protection des Donn\u00e9es (RGPD) de l&#8217;Union europ\u00e9enne et nous nous engageons \u00e0 prot\u00e9ger les informations personnelles que vous nous confiez. [&hellip;]<\/p>\n","protected":false},"author":1,"featured_media":0,"parent":0,"menu_order":0,"comment_status":"closed","ping_status":"closed","template":"","meta":{"footnotes":""},"class_list":["post-1700","page","type-page","status-publish","hentry"],"yoast_head":"<!-- This site is optimized with the Yoast SEO plugin v24.6 - https:\/\/yoast.com\/wordpress\/plugins\/seo\/ -->\n<title>Vie priv\u00e9e - D-nest<\/title>\n<meta name=\"robots\" content=\"index, follow, max-snippet:-1, max-image-preview:large, max-video-preview:-1\" \/>\n<link rel=\"canonical\" href=\"https:\/\/d-nest.be\/index.php\/vie-privee\/\" \/>\n<meta property=\"og:locale\" content=\"en_US\" \/>\n<meta property=\"og:type\" content=\"article\" \/>\n<meta property=\"og:title\" content=\"Vie priv\u00e9e - D-nest\" \/>\n<meta property=\"og:description\" content=\"Vie priv\u00e9e et protection des donn\u00e9es Chez D-nest, nous accordons une grande importance \u00e0 la confidentialit\u00e9 et \u00e0 la s\u00e9curit\u00e9 des donn\u00e9es de nos utilisateurs. Nous respectons pleinement les dispositions du R\u00e8glement G\u00e9n\u00e9ral sur la Protection des Donn\u00e9es (RGPD) de l&#8217;Union europ\u00e9enne et nous nous engageons \u00e0 prot\u00e9ger les informations personnelles que vous nous confiez. [&hellip;]\" \/>\n<meta property=\"og:url\" content=\"https:\/\/d-nest.be\/index.php\/vie-privee\/\" \/>\n<meta property=\"og:site_name\" content=\"D-nest\" \/>\n<meta property=\"article:modified_time\" content=\"2024-05-21T11:05:44+00:00\" \/>\n<meta name=\"twitter:card\" content=\"summary_large_image\" \/>\n<meta name=\"twitter:label1\" content=\"Est. reading time\" \/>\n\t<meta name=\"twitter:data1\" content=\"1 minute\" \/>\n<script type=\"application\/ld+json\" class=\"yoast-schema-graph\">{\"@context\":\"https:\/\/schema.org\",\"@graph\":[{\"@type\":\"WebPage\",\"@id\":\"https:\/\/d-nest.be\/index.php\/vie-privee\/\",\"url\":\"https:\/\/d-nest.be\/index.php\/vie-privee\/\",\"name\":\"Vie priv\u00e9e - D-nest\",\"isPartOf\":{\"@id\":\"https:\/\/d-nest.be\/#website\"},\"datePublished\":\"2024-05-02T09:39:38+00:00\",\"dateModified\":\"2024-05-21T11:05:44+00:00\",\"breadcrumb\":{\"@id\":\"https:\/\/d-nest.be\/index.php\/vie-privee\/#breadcrumb\"},\"inLanguage\":\"en-US\",\"potentialAction\":[{\"@type\":\"ReadAction\",\"target\":[\"https:\/\/d-nest.be\/index.php\/vie-privee\/\"]}]},{\"@type\":\"BreadcrumbList\",\"@id\":\"https:\/\/d-nest.be\/index.php\/vie-privee\/#breadcrumb\",\"itemListElement\":[{\"@type\":\"ListItem\",\"position\":1,\"name\":\"Accueil\",\"item\":\"https:\/\/d-nest.be\/\"},{\"@type\":\"ListItem\",\"position\":2,\"name\":\"Vie priv\u00e9e\"}]},{\"@type\":\"WebSite\",\"@id\":\"https:\/\/d-nest.be\/#website\",\"url\":\"https:\/\/d-nest.be\/\",\"name\":\"D-nest\",\"description\":\"\",\"publisher\":{\"@id\":\"https:\/\/d-nest.be\/#organization\"},\"potentialAction\":[{\"@type\":\"SearchAction\",\"target\":{\"@type\":\"EntryPoint\",\"urlTemplate\":\"https:\/\/d-nest.be\/?s={search_term_string}\"},\"query-input\":{\"@type\":\"PropertyValueSpecification\",\"valueRequired\":true,\"valueName\":\"search_term_string\"}}],\"inLanguage\":\"en-US\"},{\"@type\":\"Organization\",\"@id\":\"https:\/\/d-nest.be\/#organization\",\"name\":\"D-nest\",\"url\":\"https:\/\/d-nest.be\/\",\"logo\":{\"@type\":\"ImageObject\",\"inLanguage\":\"en-US\",\"@id\":\"https:\/\/d-nest.be\/#\/schema\/logo\/image\/\",\"url\":\"https:\/\/d-nest.be\/wp-content\/uploads\/2024\/01\/3-dnest-fullcolor.png\",\"contentUrl\":\"https:\/\/d-nest.be\/wp-content\/uploads\/2024\/01\/3-dnest-fullcolor.png\",\"width\":1520,\"height\":682,\"caption\":\"D-nest\"},\"image\":{\"@id\":\"https:\/\/d-nest.be\/#\/schema\/logo\/image\/\"}}]}<\/script>\n<!-- \/ Yoast SEO plugin. -->","yoast_head_json":{"title":"Vie priv\u00e9e - D-nest","robots":{"index":"index","follow":"follow","max-snippet":"max-snippet:-1","max-image-preview":"max-image-preview:large","max-video-preview":"max-video-preview:-1"},"canonical":"https:\/\/d-nest.be\/index.php\/vie-privee\/","og_locale":"en_US","og_type":"article","og_title":"Vie priv\u00e9e - D-nest","og_description":"Vie priv\u00e9e et protection des donn\u00e9es Chez D-nest, nous accordons une grande importance \u00e0 la confidentialit\u00e9 et \u00e0 la s\u00e9curit\u00e9 des donn\u00e9es de nos utilisateurs. Nous respectons pleinement les dispositions du R\u00e8glement G\u00e9n\u00e9ral sur la Protection des Donn\u00e9es (RGPD) de l&#8217;Union europ\u00e9enne et nous nous engageons \u00e0 prot\u00e9ger les informations personnelles que vous nous confiez. [&hellip;]","og_url":"https:\/\/d-nest.be\/index.php\/vie-privee\/","og_site_name":"D-nest","article_modified_time":"2024-05-21T11:05:44+00:00","twitter_card":"summary_large_image","twitter_misc":{"Est. reading time":"1 minute"},"schema":{"@context":"https:\/\/schema.org","@graph":[{"@type":"WebPage","@id":"https:\/\/d-nest.be\/index.php\/vie-privee\/","url":"https:\/\/d-nest.be\/index.php\/vie-privee\/","name":"Vie priv\u00e9e - D-nest","isPartOf":{"@id":"https:\/\/d-nest.be\/#website"},"datePublished":"2024-05-02T09:39:38+00:00","dateModified":"2024-05-21T11:05:44+00:00","breadcrumb":{"@id":"https:\/\/d-nest.be\/index.php\/vie-privee\/#breadcrumb"},"inLanguage":"en-US","potentialAction":[{"@type":"ReadAction","target":["https:\/\/d-nest.be\/index.php\/vie-privee\/"]}]},{"@type":"BreadcrumbList","@id":"https:\/\/d-nest.be\/index.php\/vie-privee\/#breadcrumb","itemListElement":[{"@type":"ListItem","position":1,"name":"Accueil","item":"https:\/\/d-nest.be\/"},{"@type":"ListItem","position":2,"name":"Vie priv\u00e9e"}]},{"@type":"WebSite","@id":"https:\/\/d-nest.be\/#website","url":"https:\/\/d-nest.be\/","name":"D-nest","description":"","publisher":{"@id":"https:\/\/d-nest.be\/#organization"},"potentialAction":[{"@type":"SearchAction","target":{"@type":"EntryPoint","urlTemplate":"https:\/\/d-nest.be\/?s={search_term_string}"},"query-input":{"@type":"PropertyValueSpecification","valueRequired":true,"valueName":"search_term_string"}}],"inLanguage":"en-US"},{"@type":"Organization","@id":"https:\/\/d-nest.be\/#organization","name":"D-nest","url":"https:\/\/d-nest.be\/","logo":{"@type":"ImageObject","inLanguage":"en-US","@id":"https:\/\/d-nest.be\/#\/schema\/logo\/image\/","url":"https:\/\/d-nest.be\/wp-content\/uploads\/2024\/01\/3-dnest-fullcolor.png","contentUrl":"https:\/\/d-nest.be\/wp-content\/uploads\/2024\/01\/3-dnest-fullcolor.png","width":1520,"height":682,"caption":"D-nest"},"image":{"@id":"https:\/\/d-nest.be\/#\/schema\/logo\/image\/"}}]}},"_links":{"self":[{"href":"https:\/\/d-nest.be\/index.php\/wp-json\/wp\/v2\/pages\/1700","targetHints":{"allow":["GET"]}}],"collection":[{"href":"https:\/\/d-nest.be\/index.php\/wp-json\/wp\/v2\/pages"}],"about":[{"href":"https:\/\/d-nest.be\/index.php\/wp-json\/wp\/v2\/types\/page"}],"author":[{"embeddable":true,"href":"https:\/\/d-nest.be\/index.php\/wp-json\/wp\/v2\/users\/1"}],"replies":[{"embeddable":true,"href":"https:\/\/d-nest.be\/index.php\/wp-json\/wp\/v2\/comments?post=1700"}],"version-history":[{"count":22,"href":"https:\/\/d-nest.be\/index.php\/wp-json\/wp\/v2\/pages\/1700\/revisions"}],"predecessor-version":[{"id":1789,"href":"https:\/\/d-nest.be\/index.php\/wp-json\/wp\/v2\/pages\/1700\/revisions\/1789"}],"wp:attachment":[{"href":"https:\/\/d-nest.be\/index.php\/wp-json\/wp\/v2\/media?parent=1700"}],"curies":[{"name":"wp","href":"https:\/\/api.w.org\/{rel}","templated":true}]}}